{"id":256,"date":"2015-07-27T04:50:39","date_gmt":"2015-07-27T04:50:39","guid":{"rendered":"http:\/\/demo.vegatheme.com\/archilight\/?page_id=256"},"modified":"2019-09-15T03:08:54","modified_gmt":"2019-09-15T03:08:54","slug":"contacto","status":"publish","type":"page","link":"https:\/\/intelgia.co\/en\/contacto\/","title":{"rendered":"Contact Us"},"content":{"rendered":"<section class=\"wpb-content-wrapper\"><section class=\"wpb_row vc_row-fluid vc_custom_1438577278176 no-padding\"><div class=\"row\"><div class=\"wpb_column vc_column_container vc_col-sm-12\"><div class=\"vc_column-inner\"><div class=\"wpb_wrapper \"  ><\/div><\/div><\/div><\/div><\/section><section id=\"contacto\" class=\"wpb_row vc_row-fluid vc_custom_1568351146377\"><div class=\"container\"><div class=\"row\"><div class=\"wpb_column vc_column_container vc_col-sm-8\"><div class=\"vc_column-inner\"><div class=\"wpb_wrapper wow fadeInLeft\"  >\n\t<!-- Element: OT Heading --> \t \n\t<h3 class=\"ot_custom_heading  \" style=\"\" >ENV\u00cdENOS SU MENSAJE<\/h3>\t\n<div class=\"vc_empty_space\"   style=\"height: 10px\"><span class=\"vc_empty_space_inner\"><\/span><\/div>\n<div class=\"wpcf7 no-js\" id=\"wpcf7-f283-o1\" lang=\"en-US\" dir=\"ltr\" data-wpcf7-id=\"283\">\n<div class=\"screen-reader-response\"><p role=\"status\" aria-live=\"polite\" aria-atomic=\"true\"><\/p> <ul><\/ul><\/div>\n<form action=\"\/en\/wp-json\/wp\/v2\/pages\/256#wpcf7-f283-o1\" method=\"post\" class=\"wpcf7-form init\" aria-label=\"Contact form\" novalidate=\"novalidate\" data-status=\"init\">\n<fieldset class=\"hidden-fields-container\"><input type=\"hidden\" name=\"_wpcf7\" value=\"283\" \/><input type=\"hidden\" name=\"_wpcf7_version\" value=\"6.1.5\" \/><input type=\"hidden\" name=\"_wpcf7_locale\" value=\"en_US\" \/><input type=\"hidden\" name=\"_wpcf7_unit_tag\" value=\"wpcf7-f283-o1\" \/><input type=\"hidden\" name=\"_wpcf7_container_post\" value=\"0\" \/><input type=\"hidden\" name=\"_wpcf7_posted_data_hash\" value=\"\" \/>\n<\/fieldset>\n<div class=\"row\">\n\t<div class=\"col-md-4\">\n\t\t<div>\n\t\t\t<p><span class=\"wpcf7-form-control-wrap\" data-name=\"your-name\"><input size=\"40\" maxlength=\"400\" class=\"wpcf7-form-control wpcf7-text wpcf7-validates-as-required\" aria-required=\"true\" aria-invalid=\"false\" placeholder=\"Nombre\" value=\"\" type=\"text\" name=\"your-name\" \/><\/span>\n\t\t\t<\/p>\n\t\t<\/div>\n\t\t<div>\n\t\t\t<p><span class=\"wpcf7-form-control-wrap\" data-name=\"email-453\"><input size=\"40\" maxlength=\"400\" class=\"wpcf7-form-control wpcf7-email wpcf7-validates-as-required wpcf7-text wpcf7-validates-as-email\" aria-required=\"true\" aria-invalid=\"false\" placeholder=\"Correo\" value=\"\" type=\"email\" name=\"email-453\" \/><\/span>\n\t\t\t<\/p>\n\t\t<\/div>\n\t\t<div>\n\t\t\t<p><span class=\"wpcf7-form-control-wrap\" data-name=\"tel-565\"><input size=\"40\" maxlength=\"400\" class=\"wpcf7-form-control wpcf7-tel wpcf7-validates-as-required wpcf7-text wpcf7-validates-as-tel\" aria-required=\"true\" aria-invalid=\"false\" placeholder=\"Tel\u00e9fono\" value=\"\" type=\"tel\" name=\"tel-565\" \/><\/span>\n\t\t\t<\/p>\n\t\t<\/div>\n\t<\/div>\n\t<div class=\"col-md-8\">\n\t\t<div>\n\t\t\t<p><span class=\"wpcf7-form-control-wrap\" data-name=\"message\"><textarea cols=\"40\" rows=\"10\" maxlength=\"2000\" class=\"wpcf7-form-control wpcf7-textarea wpcf7-validates-as-required\" aria-required=\"true\" aria-invalid=\"false\" placeholder=\"Mensaje\" name=\"message\"><\/textarea><\/span>\n\t\t\t<\/p>\n\t\t<\/div>\n\t<\/div>\n\t<div class=\"col-md-12\">\n\t\t<p id=\"submit\"><input class=\"wpcf7-form-control wpcf7-submit has-spinner btn btn-line\" type=\"submit\" value=\"Enviar\" \/>\n\t\t<\/p>\n\t<\/div>\n<\/div><p style=\"display: none !important;\" class=\"akismet-fields-container\" data-prefix=\"_wpcf7_ak_\"><label>&#916;<textarea name=\"_wpcf7_ak_hp_textarea\" cols=\"45\" rows=\"8\" maxlength=\"100\"><\/textarea><\/label><input type=\"hidden\" id=\"ak_js_1\" name=\"_wpcf7_ak_js\" value=\"247\"\/><script type=\"text\/javascript\">\n\/* <![CDATA[ *\/\ndocument.getElementById( \"ak_js_1\" ).setAttribute( \"value\", ( new Date() ).getTime() );\n\/* ]]> *\/\n<\/script>\n<\/p><div class=\"wpcf7-response-output\" aria-hidden=\"true\"><\/div>\n<\/form>\n<\/div>\n<\/div><\/div><\/div><div class=\"wpb_column vc_column_container vc_col-sm-4\"><div class=\"vc_column-inner\"><div class=\"wpb_wrapper wow fadeInRight\"  >\n\t<!-- Element: OT Heading --> \t \n\t<h3 class=\"ot_custom_heading  \" style=\"\" >INFORMACI\u00d3N DE CONTACTO<\/h3>\t\n\n\t<div class=\"wpb_text_column wpb_content_element \" >\n\t\t<div class=\"wpb_wrapper\">\n\t\t\t<address>\n<div>Bogot\u00e1, Colombia<\/div>\n<div><strong>Tel\u00e9fono:<\/strong>(571) 317 474 1001<\/div>\n<div><strong>Whatsapp:<\/strong>(571) 317 474 1001<\/div>\n<div><strong>Email:<\/strong><a href=\"mailto:info@intelgia.co\">info@intelgia.co<\/a><\/div>\n<div><strong>Web:<\/strong><a href=\"https:\/\/intelgia.co\">http:\/\/localhost\/intelgia<\/a><\/div>\n<\/address>\n\n\t\t<\/div>\n\t<\/div>\n<\/div><\/div><\/div><\/div><\/div><\/section>\n<\/section>","protected":false},"excerpt":{"rendered":"ENV\u00cdENOS SU MENSAJE &#916; INFORMACI\u00d3N DE CONTACTO Bogot\u00e1, Colombia Tel\u00e9fono:(571) 317 474 1001 Whatsapp:(571) 317 474 1001 Email:info@intelgia.co Web:http:\/\/localhost\/intelgia","protected":false},"author":1,"featured_media":0,"parent":0,"menu_order":0,"comment_status":"open","ping_status":"open","template":"page-templates\/template-fullwidth.php","meta":{"footnotes":""},"class_list":["post-256","page","type-page","status-publish","hentry"],"yoast_head":"<!-- This site is optimized with the Yoast SEO plugin v27.6 - https:\/\/yoast.com\/product\/yoast-seo-wordpress\/ -->\n<title>Contacto - Intelgia WebSite<\/title>\n<meta name=\"robots\" content=\"index, follow, max-snippet:-1, max-image-preview:large, max-video-preview:-1\" \/>\n<link rel=\"canonical\" href=\"https:\/\/intelgia.co\/en\/contacto\/\" \/>\n<meta property=\"og:locale\" content=\"en_US\" \/>\n<meta property=\"og:type\" content=\"article\" \/>\n<meta property=\"og:title\" content=\"Contacto - Intelgia WebSite\" \/>\n<meta property=\"og:url\" content=\"https:\/\/intelgia.co\/en\/contacto\/\" \/>\n<meta property=\"og:site_name\" content=\"Intelgia WebSite\" \/>\n<meta property=\"article:modified_time\" content=\"2019-09-15T03:08:54+00:00\" \/>\n<meta property=\"og:image\" content=\"https:\/\/intelgia.co\/wp-content\/uploads\/2019\/08\/Logo-IntelgiaV2-e1568070775260.png\" \/>\n\t<meta property=\"og:image:width\" content=\"192\" \/>\n\t<meta property=\"og:image:height\" content=\"64\" \/>\n\t<meta property=\"og:image:type\" content=\"image\/png\" \/>\n<meta name=\"twitter:card\" content=\"summary_large_image\" \/>\n<script type=\"application\/ld+json\" class=\"yoast-schema-graph\">{\"@context\":\"https:\\\/\\\/schema.org\",\"@graph\":[{\"@type\":\"WebPage\",\"@id\":\"https:\\\/\\\/intelgia.co\\\/contacto\\\/\",\"url\":\"https:\\\/\\\/intelgia.co\\\/contacto\\\/\",\"name\":\"Contacto - Intelgia WebSite\",\"isPartOf\":{\"@id\":\"https:\\\/\\\/intelgia.co\\\/es\\\/#website\"},\"datePublished\":\"2015-07-27T04:50:39+00:00\",\"dateModified\":\"2019-09-15T03:08:54+00:00\",\"breadcrumb\":{\"@id\":\"https:\\\/\\\/intelgia.co\\\/contacto\\\/#breadcrumb\"},\"inLanguage\":\"en-US\",\"potentialAction\":[{\"@type\":\"ReadAction\",\"target\":[\"https:\\\/\\\/intelgia.co\\\/contacto\\\/\"]}]},{\"@type\":\"BreadcrumbList\",\"@id\":\"https:\\\/\\\/intelgia.co\\\/contacto\\\/#breadcrumb\",\"itemListElement\":[{\"@type\":\"ListItem\",\"position\":1,\"name\":\"Home\",\"item\":\"https:\\\/\\\/intelgia.co\\\/es\\\/\"},{\"@type\":\"ListItem\",\"position\":2,\"name\":\"Contacto\"}]},{\"@type\":\"WebSite\",\"@id\":\"https:\\\/\\\/intelgia.co\\\/es\\\/#website\",\"url\":\"https:\\\/\\\/intelgia.co\\\/es\\\/\",\"name\":\"Intelgia WebSite\",\"description\":\"Energ\u00eda Inteligente\",\"publisher\":{\"@id\":\"https:\\\/\\\/intelgia.co\\\/es\\\/#organization\"},\"alternateName\":\"Intelgia\",\"potentialAction\":[{\"@type\":\"SearchAction\",\"target\":{\"@type\":\"EntryPoint\",\"urlTemplate\":\"https:\\\/\\\/intelgia.co\\\/es\\\/?s={search_term_string}\"},\"query-input\":{\"@type\":\"PropertyValueSpecification\",\"valueRequired\":true,\"valueName\":\"search_term_string\"}}],\"inLanguage\":\"en-US\"},{\"@type\":\"Organization\",\"@id\":\"https:\\\/\\\/intelgia.co\\\/es\\\/#organization\",\"name\":\"Intelgia\",\"url\":\"https:\\\/\\\/intelgia.co\\\/es\\\/\",\"logo\":{\"@type\":\"ImageObject\",\"inLanguage\":\"en-US\",\"@id\":\"https:\\\/\\\/intelgia.co\\\/es\\\/#\\\/schema\\\/logo\\\/image\\\/\",\"url\":\"http:\\\/\\\/intelgia.co\\\/wp-content\\\/uploads\\\/2019\\\/09\\\/Logo-IntelgiaV3.jpg\",\"contentUrl\":\"http:\\\/\\\/intelgia.co\\\/wp-content\\\/uploads\\\/2019\\\/09\\\/Logo-IntelgiaV3.jpg\",\"width\":201,\"height\":75,\"caption\":\"Intelgia\"},\"image\":{\"@id\":\"https:\\\/\\\/intelgia.co\\\/es\\\/#\\\/schema\\\/logo\\\/image\\\/\"}}]}<\/script>\n<!-- \/ Yoast SEO plugin. -->","yoast_head_json":{"title":"Contacto - Intelgia WebSite","robots":{"index":"index","follow":"follow","max-snippet":"max-snippet:-1","max-image-preview":"max-image-preview:large","max-video-preview":"max-video-preview:-1"},"canonical":"https:\/\/intelgia.co\/en\/contacto\/","og_locale":"en_US","og_type":"article","og_title":"Contacto - Intelgia WebSite","og_url":"https:\/\/intelgia.co\/en\/contacto\/","og_site_name":"Intelgia WebSite","article_modified_time":"2019-09-15T03:08:54+00:00","og_image":[{"width":192,"height":64,"url":"https:\/\/intelgia.co\/wp-content\/uploads\/2019\/08\/Logo-IntelgiaV2-e1568070775260.png","type":"image\/png"}],"twitter_card":"summary_large_image","schema":{"@context":"https:\/\/schema.org","@graph":[{"@type":"WebPage","@id":"https:\/\/intelgia.co\/contacto\/","url":"https:\/\/intelgia.co\/contacto\/","name":"Contacto - Intelgia WebSite","isPartOf":{"@id":"https:\/\/intelgia.co\/es\/#website"},"datePublished":"2015-07-27T04:50:39+00:00","dateModified":"2019-09-15T03:08:54+00:00","breadcrumb":{"@id":"https:\/\/intelgia.co\/contacto\/#breadcrumb"},"inLanguage":"en-US","potentialAction":[{"@type":"ReadAction","target":["https:\/\/intelgia.co\/contacto\/"]}]},{"@type":"BreadcrumbList","@id":"https:\/\/intelgia.co\/contacto\/#breadcrumb","itemListElement":[{"@type":"ListItem","position":1,"name":"Home","item":"https:\/\/intelgia.co\/es\/"},{"@type":"ListItem","position":2,"name":"Contacto"}]},{"@type":"WebSite","@id":"https:\/\/intelgia.co\/es\/#website","url":"https:\/\/intelgia.co\/es\/","name":"Intelgia WebSite","description":"Energ\u00eda Inteligente","publisher":{"@id":"https:\/\/intelgia.co\/es\/#organization"},"alternateName":"Intelgia","potentialAction":[{"@type":"SearchAction","target":{"@type":"EntryPoint","urlTemplate":"https:\/\/intelgia.co\/es\/?s={search_term_string}"},"query-input":{"@type":"PropertyValueSpecification","valueRequired":true,"valueName":"search_term_string"}}],"inLanguage":"en-US"},{"@type":"Organization","@id":"https:\/\/intelgia.co\/es\/#organization","name":"Intelgia","url":"https:\/\/intelgia.co\/es\/","logo":{"@type":"ImageObject","inLanguage":"en-US","@id":"https:\/\/intelgia.co\/es\/#\/schema\/logo\/image\/","url":"http:\/\/intelgia.co\/wp-content\/uploads\/2019\/09\/Logo-IntelgiaV3.jpg","contentUrl":"http:\/\/intelgia.co\/wp-content\/uploads\/2019\/09\/Logo-IntelgiaV3.jpg","width":201,"height":75,"caption":"Intelgia"},"image":{"@id":"https:\/\/intelgia.co\/es\/#\/schema\/logo\/image\/"}}]}},"_links":{"self":[{"href":"https:\/\/intelgia.co\/en\/wp-json\/wp\/v2\/pages\/256","targetHints":{"allow":["GET"]}}],"collection":[{"href":"https:\/\/intelgia.co\/en\/wp-json\/wp\/v2\/pages"}],"about":[{"href":"https:\/\/intelgia.co\/en\/wp-json\/wp\/v2\/types\/page"}],"author":[{"embeddable":true,"href":"https:\/\/intelgia.co\/en\/wp-json\/wp\/v2\/users\/1"}],"replies":[{"embeddable":true,"href":"https:\/\/intelgia.co\/en\/wp-json\/wp\/v2\/comments?post=256"}],"version-history":[{"count":4,"href":"https:\/\/intelgia.co\/en\/wp-json\/wp\/v2\/pages\/256\/revisions"}],"predecessor-version":[{"id":1707,"href":"https:\/\/intelgia.co\/en\/wp-json\/wp\/v2\/pages\/256\/revisions\/1707"}],"wp:attachment":[{"href":"https:\/\/intelgia.co\/en\/wp-json\/wp\/v2\/media?parent=256"}],"curies":[{"name":"wp","href":"https:\/\/api.w.org\/{rel}","templated":true}]}}