{"id":229,"date":"2015-07-27T03:29:01","date_gmt":"2015-07-27T03:29:01","guid":{"rendered":"http:\/\/demo.vegatheme.com\/archilight\/?page_id=229"},"modified":"2023-09-24T07:48:42","modified_gmt":"2023-09-24T07:48:42","slug":"la-empresa","status":"publish","type":"page","link":"https:\/\/intelgia.co\/es\/la-empresa\/","title":{"rendered":"La empresa"},"content":{"rendered":"<section class=\"wpb-content-wrapper\"><section class=\"wpb_row vc_row-fluid side-bg no-padding vc_custom_1474447018555 vc_row-has-fill no-padding\"><div class=\"row\"><div class=\"wpb_column vc_column_container vc_col-sm-12\"><div class=\"vc_column-inner\"><div class=\"wpb_wrapper \"  >\t<!-- Element: OT Quick Office -->\n\t<div class=\"side-bg\">\n\n\t\t<div class=\"image-container hidden-xs pull-left col-md-5\" style=\"background-image:url(https:\/\/intelgia.co\/wp-content\/uploads\/2019\/09\/descarga-2.jpg); ?>\" data-delay=\"0\"><\/div>\n\n\t\t<!-- Added this code in 26\/03\/2019 -->\n\t\t<img decoding=\"async\" class=\"visible-xs img-responsive\" src=\"https:\/\/intelgia.co\/wp-content\/uploads\/2019\/09\/descarga-2.jpg\" \/>\n\n        <div class=\"container\">\n            <div class=\"row\">\n                <div class=\"inner-padding\">\n                    <div class=\"col-md-6 col-md-offset-6 wow fadeInRight\" data-wow-delay=\".2s\">\n                        <h2>Una empresa en Ingenier\u00eda El\u00e9ctrica<\/h2><br\/>\n                        <span style=\"font-size: 20px;\">Fundada en 2015, Intelgia es una compa\u00f1\u00eda especializada en ingenier\u00eda el\u00e9ctrica. Nuestro \u00e1mbito de actividad abarca el dise\u00f1o en ingenier\u00eda el\u00e9ctrica y la consultor\u00eda enfocada en estudios y an\u00e1lisis de sistemas de energ\u00eda el\u00e9ctrica, enriquecidos con potentes servicios orientados a la eficiencia energ\u00e9tica.<\/span>                    <\/div>\n                    <div class=\"clearfix\"><\/div>\n                <\/div>\n            <\/div>\n        <\/div>\n\t<\/div>\n\n<\/div><\/div><\/div><\/div><\/section><section data-stellar-background-ratio=\"-.1\" class=\"wpb_row vc_row-fluid side-bg no-padding vc_custom_1695541406833 vc_row-has-fill stellar-fixed side-bg no-padding\"><div class=\"image-container hidden-xs \"><div class=\"background-image\" style=\"background-image: url();\"><\/div><\/div><img decoding=\"async\" class=\"visible-xs img-responsive\" src=\"\"\/><div class=\"row\"><div class=\"inner-padding clearfix\"><div class=\"wpb_column vc_column_container vc_col-sm-6\"><div class=\"vc_column-inner\"><div class=\"wpb_wrapper \"  >\t<!-- Element: OT Quick Office -->\n\t<div class=\"side-bg\">\n\n\t\t<div class=\"image-container hidden-xs pull-right right0 col-md-5 col-md-offset-7\" style=\"background-image:url(https:\/\/intelgia.co\/wp-content\/uploads\/2019\/09\/sustitucion-tecnologica4-1024x681-1.png); ?>\" data-delay=\"0\"><\/div>\n\n\t\t<!-- Added this code in 26\/03\/2019 -->\n\t\t<img decoding=\"async\" class=\"visible-xs img-responsive\" src=\"https:\/\/intelgia.co\/wp-content\/uploads\/2019\/09\/sustitucion-tecnologica4-1024x681-1.png\" \/>\n\n        <div class=\"container\">\n            <div class=\"row\">\n                <div class=\"inner-padding\">\n                    <div class=\"col-md-6 wow fadeInLeft\" data-wow-delay=\".2s\">\n                        <h2>MISI\u00d3N<\/h2><br\/>\n                        <span style=\"font-size: 24px;\">Prestar servicios de Ingenier\u00eda de clase mundial que superen las expectativas de nuestros clientes dentro de una filosof\u00eda de operaciones que promuevan el desarrollo de la sociedad, la protecci\u00f3n del medio ambiente y el uso racional de los recursos.<\/span>                    <\/div>\n                    <div class=\"clearfix\"><\/div>\n                <\/div>\n            <\/div>\n        <\/div>\n\t<\/div>\n\n<\/div><\/div><\/div><div class=\"wpb_column vc_column_container vc_col-sm-6\"><div class=\"vc_column-inner\"><div class=\"wpb_wrapper \"  >\t<!-- Element: OT Quick Office -->\n\t<div class=\"side-bg\">\n\n\t\t<div class=\"image-container hidden-xs pull-right right0 col-md-5 col-md-offset-7\" style=\"background-image:url(https:\/\/intelgia.co\/wp-content\/uploads\/2015\/08\/intelgia-ing-detalle.jpg); ?>\" data-delay=\"0\"><\/div>\n\n\t\t<!-- Added this code in 26\/03\/2019 -->\n\t\t<img decoding=\"async\" class=\"visible-xs img-responsive\" src=\"https:\/\/intelgia.co\/wp-content\/uploads\/2015\/08\/intelgia-ing-detalle.jpg\" \/>\n\n        <div class=\"container\">\n            <div class=\"row\">\n                <div class=\"inner-padding\">\n                    <div class=\"col-md-6 wow fadeInLeft\" data-wow-delay=\".2s\">\n                        <h2>VISI\u00d3N<\/h2><br\/>\n                        <span style=\"font-size: 24px;\">Ser una empresa global de servicios de Ingenier\u00eda de clase mundial, reconocida por los excelentes resultados de sus productos.<\/span>                    <\/div>\n                    <div class=\"clearfix\"><\/div>\n                <\/div>\n            <\/div>\n        <\/div>\n\t<\/div>\n\n<\/div><\/div><\/div><\/div><\/div><\/section><section class=\"wpb_row vc_row-fluid\"><div class=\"container\"><div class=\"row\"><div class=\"wpb_column vc_column_container vc_col-sm-12\"><div class=\"vc_column-inner\"><div class=\"wpb_wrapper \"  >\n\t<div class=\"wpb_text_column wpb_content_element \" >\n\t\t<div class=\"wpb_wrapper\">\n\t\t\t<h1 style=\"text-align: center;\">Nuestro equipo<\/h1>\n\n\t\t<\/div>\n\t<\/div>\n\t<!-- Element: OT Line solid --> \t \n\t<div class=\" separator \"><span><i class=\"fa fa-circle\"><\/i><\/span><\/div>\n\t<div class=\"spacer-single\"><\/div>\t      \n<\/div><\/div><\/div><\/div><\/div><\/section><section class=\"wpb_row vc_row-fluid vc_custom_1438749369192 vc_row-has-fill\"><div class=\"container\"><div class=\"row\"><div class=\"container-4 wpb_column vc_column_container vc_col-sm-12\"><div class=\"vc_column-inner\"><div class=\"wpb_wrapper wow fadeInUp\"  >\n\t<!-- Element: OT Our Team 2 --> \t \n    <!-- team member -->\n    <div class=\"de-team-list-2 team-box\">\n\n    \t\t        <div class=\"team-pic\">\n\t        \t<img loading=\"lazy\" decoding=\"async\" width=\"560\" height=\"317\" src=\"https:\/\/intelgia.co\/wp-content\/uploads\/2019\/09\/Francisco-Perea.jpeg\" class=\"img-responsive\" alt=\"\" srcset=\"https:\/\/intelgia.co\/wp-content\/uploads\/2019\/09\/Francisco-Perea.jpeg 560w, https:\/\/intelgia.co\/wp-content\/uploads\/2019\/09\/Francisco-Perea-300x170.jpeg 300w\" sizes=\"auto, (max-width: 560px) 100vw, 560px\" title=\"Francisco-Perea\" \/>         \n\t        <\/div>\n        \n        <div class=\"team-desc\">\n            <h3>Francisco Perea<\/h3>\n            <p class=\"lead\">Ingeniero Electricista \/ Fundador<\/p>            <div class=\"small-border\"><\/div>\n            <p><span style=\"font-size: 20px;\">Ingeniero Electricista de la Universidad Nacional de Colombia. Mag\u00edster en Ingenier\u00eda El\u00e9ctrica con \u00e9nfasis en eficiencia energ\u00e9tica en 2015. Varios diplomados en ingenier\u00eda el\u00e9ctrica, mec\u00e1nica y telecomunicaciones. Autor de varios art\u00edculos t\u00e9cnicos y del libro &#8220;Estrategia de medici\u00f3n de variables el\u00e9ctricas para la eficiencia&#8221;.<\/span><\/p>\n<p><span style=\"font-size: 20px;\">Ingeniero electricista de dise\u00f1o en la industria petrolera desde 2005. En 2015 fund\u00f3 Intelgia, empresa de consultor\u00eda en ingenier\u00eda el\u00e9ctrica establecida en Colombia.<\/span><\/p>            <div class=\"social\">\n                \t\t\t\t\t<a href=\"https:\/\/www.facebook.com\/francisco.perea\" target=\"_blank\"><i class=\"fa fa-facebook fa-lg\"><\/i><\/a>\n\t\t\t\t\t\t\t\t\t<a href=\"https:\/\/www.linkedin.com\/in\/francisco-a-perea\/\" target=\"_blank\"><i class=\"fa fa-linkedin fa-lg\"><\/i><\/a>\n\t\t\t\t            <\/div>\n        <\/div>\n    <\/div>\n    <!-- team close -->\n\n<\/div><\/div><\/div><\/div><\/div><\/section><section class=\"wpb_row vc_row-fluid call-to-action bg-color text-center vc_custom_1442204580531 no-padding\"><div class=\"row\"><div class=\"wpb_column vc_column_container vc_col-sm-12\"><div class=\"vc_column-inner\"><div class=\"wpb_wrapper \"  >\t\t\t\n\t<!-- Element: OT Button --> \n\t\t\t<a href=\"#contacto\" target=\"_self\" class=\"btn btn-line-black btn-big  \">Cont\u00e1ctenos<\/a>\n\t    \n<\/div><\/div><\/div><\/div><\/section>\n<\/section>","protected":false},"excerpt":{"rendered":"Una empresa en Ingenier\u00eda El\u00e9ctrica Fundada en 2015, Intelgia es una compa\u00f1\u00eda especializada en ingenier\u00eda el\u00e9ctrica. Nuestro \u00e1mbito de actividad abarca el dise\u00f1o en ingenier\u00eda el\u00e9ctrica y la consultor\u00eda enfocada en estudios y an\u00e1lisis de sistemas de energ\u00eda el\u00e9ctrica, enriquecidos con potentes servicios orientados a la eficiencia energ\u00e9tica. MISI\u00d3N Prestar servicios de Ingenier\u00eda de clase [...]","protected":false},"author":1,"featured_media":0,"parent":0,"menu_order":0,"comment_status":"open","ping_status":"open","template":"page-templates\/template-fullwidth.php","meta":{"footnotes":""},"class_list":["post-229","page","type-page","status-publish","hentry"],"yoast_head":"<!-- This site is optimized with the Yoast SEO plugin v27.5 - https:\/\/yoast.com\/product\/yoast-seo-wordpress\/ -->\n<title>La empresa - Intelgia WebSite<\/title>\n<meta name=\"robots\" content=\"index, follow, max-snippet:-1, max-image-preview:large, max-video-preview:-1\" \/>\n<link rel=\"canonical\" href=\"https:\/\/intelgia.co\/es\/la-empresa\/\" \/>\n<meta property=\"og:locale\" content=\"es_ES\" \/>\n<meta property=\"og:type\" content=\"article\" \/>\n<meta property=\"og:title\" content=\"La empresa - Intelgia WebSite\" \/>\n<meta property=\"og:url\" content=\"https:\/\/intelgia.co\/es\/la-empresa\/\" \/>\n<meta property=\"og:site_name\" content=\"Intelgia WebSite\" \/>\n<meta property=\"article:modified_time\" content=\"2023-09-24T07:48:42+00:00\" \/>\n<meta property=\"og:image\" content=\"https:\/\/intelgia.co\/wp-content\/uploads\/2019\/08\/Logo-IntelgiaV2-e1568070775260.png\" \/>\n\t<meta property=\"og:image:width\" content=\"192\" \/>\n\t<meta property=\"og:image:height\" content=\"64\" \/>\n\t<meta property=\"og:image:type\" content=\"image\/png\" \/>\n<meta name=\"twitter:card\" content=\"summary_large_image\" \/>\n<meta name=\"twitter:label1\" content=\"Tiempo de lectura\" \/>\n\t<meta name=\"twitter:data1\" content=\"2 minutos\" \/>\n<script type=\"application\/ld+json\" class=\"yoast-schema-graph\">{\"@context\":\"https:\\\/\\\/schema.org\",\"@graph\":[{\"@type\":\"WebPage\",\"@id\":\"https:\\\/\\\/intelgia.co\\\/en\\\/la-empresa\\\/\",\"url\":\"https:\\\/\\\/intelgia.co\\\/en\\\/la-empresa\\\/\",\"name\":\"La empresa - Intelgia WebSite\",\"isPartOf\":{\"@id\":\"https:\\\/\\\/intelgia.co\\\/es\\\/#website\"},\"datePublished\":\"2015-07-27T03:29:01+00:00\",\"dateModified\":\"2023-09-24T07:48:42+00:00\",\"breadcrumb\":{\"@id\":\"https:\\\/\\\/intelgia.co\\\/en\\\/la-empresa\\\/#breadcrumb\"},\"inLanguage\":\"es-CO\",\"potentialAction\":[{\"@type\":\"ReadAction\",\"target\":[\"https:\\\/\\\/intelgia.co\\\/en\\\/la-empresa\\\/\"]}]},{\"@type\":\"BreadcrumbList\",\"@id\":\"https:\\\/\\\/intelgia.co\\\/en\\\/la-empresa\\\/#breadcrumb\",\"itemListElement\":[{\"@type\":\"ListItem\",\"position\":1,\"name\":\"Home\",\"item\":\"https:\\\/\\\/intelgia.co\\\/es\\\/\"},{\"@type\":\"ListItem\",\"position\":2,\"name\":\"La empresa\"}]},{\"@type\":\"WebSite\",\"@id\":\"https:\\\/\\\/intelgia.co\\\/es\\\/#website\",\"url\":\"https:\\\/\\\/intelgia.co\\\/es\\\/\",\"name\":\"Intelgia WebSite\",\"description\":\"Energ\u00eda Inteligente\",\"publisher\":{\"@id\":\"https:\\\/\\\/intelgia.co\\\/es\\\/#organization\"},\"alternateName\":\"Intelgia\",\"potentialAction\":[{\"@type\":\"SearchAction\",\"target\":{\"@type\":\"EntryPoint\",\"urlTemplate\":\"https:\\\/\\\/intelgia.co\\\/es\\\/?s={search_term_string}\"},\"query-input\":{\"@type\":\"PropertyValueSpecification\",\"valueRequired\":true,\"valueName\":\"search_term_string\"}}],\"inLanguage\":\"es-CO\"},{\"@type\":\"Organization\",\"@id\":\"https:\\\/\\\/intelgia.co\\\/es\\\/#organization\",\"name\":\"Intelgia\",\"url\":\"https:\\\/\\\/intelgia.co\\\/es\\\/\",\"logo\":{\"@type\":\"ImageObject\",\"inLanguage\":\"es-CO\",\"@id\":\"https:\\\/\\\/intelgia.co\\\/es\\\/#\\\/schema\\\/logo\\\/image\\\/\",\"url\":\"http:\\\/\\\/intelgia.co\\\/wp-content\\\/uploads\\\/2019\\\/09\\\/Logo-IntelgiaV3.jpg\",\"contentUrl\":\"http:\\\/\\\/intelgia.co\\\/wp-content\\\/uploads\\\/2019\\\/09\\\/Logo-IntelgiaV3.jpg\",\"width\":201,\"height\":75,\"caption\":\"Intelgia\"},\"image\":{\"@id\":\"https:\\\/\\\/intelgia.co\\\/es\\\/#\\\/schema\\\/logo\\\/image\\\/\"}}]}<\/script>\n<!-- \/ Yoast SEO plugin. -->","yoast_head_json":{"title":"La empresa - Intelgia WebSite","robots":{"index":"index","follow":"follow","max-snippet":"max-snippet:-1","max-image-preview":"max-image-preview:large","max-video-preview":"max-video-preview:-1"},"canonical":"https:\/\/intelgia.co\/es\/la-empresa\/","og_locale":"es_ES","og_type":"article","og_title":"La empresa - Intelgia WebSite","og_url":"https:\/\/intelgia.co\/es\/la-empresa\/","og_site_name":"Intelgia WebSite","article_modified_time":"2023-09-24T07:48:42+00:00","og_image":[{"width":192,"height":64,"url":"https:\/\/intelgia.co\/wp-content\/uploads\/2019\/08\/Logo-IntelgiaV2-e1568070775260.png","type":"image\/png"}],"twitter_card":"summary_large_image","twitter_misc":{"Tiempo de lectura":"2 minutos"},"schema":{"@context":"https:\/\/schema.org","@graph":[{"@type":"WebPage","@id":"https:\/\/intelgia.co\/en\/la-empresa\/","url":"https:\/\/intelgia.co\/en\/la-empresa\/","name":"La empresa - Intelgia WebSite","isPartOf":{"@id":"https:\/\/intelgia.co\/es\/#website"},"datePublished":"2015-07-27T03:29:01+00:00","dateModified":"2023-09-24T07:48:42+00:00","breadcrumb":{"@id":"https:\/\/intelgia.co\/en\/la-empresa\/#breadcrumb"},"inLanguage":"es-CO","potentialAction":[{"@type":"ReadAction","target":["https:\/\/intelgia.co\/en\/la-empresa\/"]}]},{"@type":"BreadcrumbList","@id":"https:\/\/intelgia.co\/en\/la-empresa\/#breadcrumb","itemListElement":[{"@type":"ListItem","position":1,"name":"Home","item":"https:\/\/intelgia.co\/es\/"},{"@type":"ListItem","position":2,"name":"La empresa"}]},{"@type":"WebSite","@id":"https:\/\/intelgia.co\/es\/#website","url":"https:\/\/intelgia.co\/es\/","name":"Intelgia WebSite","description":"Energ\u00eda Inteligente","publisher":{"@id":"https:\/\/intelgia.co\/es\/#organization"},"alternateName":"Intelgia","potentialAction":[{"@type":"SearchAction","target":{"@type":"EntryPoint","urlTemplate":"https:\/\/intelgia.co\/es\/?s={search_term_string}"},"query-input":{"@type":"PropertyValueSpecification","valueRequired":true,"valueName":"search_term_string"}}],"inLanguage":"es-CO"},{"@type":"Organization","@id":"https:\/\/intelgia.co\/es\/#organization","name":"Intelgia","url":"https:\/\/intelgia.co\/es\/","logo":{"@type":"ImageObject","inLanguage":"es-CO","@id":"https:\/\/intelgia.co\/es\/#\/schema\/logo\/image\/","url":"http:\/\/intelgia.co\/wp-content\/uploads\/2019\/09\/Logo-IntelgiaV3.jpg","contentUrl":"http:\/\/intelgia.co\/wp-content\/uploads\/2019\/09\/Logo-IntelgiaV3.jpg","width":201,"height":75,"caption":"Intelgia"},"image":{"@id":"https:\/\/intelgia.co\/es\/#\/schema\/logo\/image\/"}}]}},"_links":{"self":[{"href":"https:\/\/intelgia.co\/es\/wp-json\/wp\/v2\/pages\/229","targetHints":{"allow":["GET"]}}],"collection":[{"href":"https:\/\/intelgia.co\/es\/wp-json\/wp\/v2\/pages"}],"about":[{"href":"https:\/\/intelgia.co\/es\/wp-json\/wp\/v2\/types\/page"}],"author":[{"embeddable":true,"href":"https:\/\/intelgia.co\/es\/wp-json\/wp\/v2\/users\/1"}],"replies":[{"embeddable":true,"href":"https:\/\/intelgia.co\/es\/wp-json\/wp\/v2\/comments?post=229"}],"version-history":[{"count":21,"href":"https:\/\/intelgia.co\/es\/wp-json\/wp\/v2\/pages\/229\/revisions"}],"predecessor-version":[{"id":3285,"href":"https:\/\/intelgia.co\/es\/wp-json\/wp\/v2\/pages\/229\/revisions\/3285"}],"wp:attachment":[{"href":"https:\/\/intelgia.co\/es\/wp-json\/wp\/v2\/media?parent=229"}],"curies":[{"name":"wp","href":"https:\/\/api.w.org\/{rel}","templated":true}]}}