{"id":76,"date":"2015-07-23T07:32:51","date_gmt":"2015-07-23T07:32:51","guid":{"rendered":"http:\/\/demo.vegatheme.com\/archilight\/?page_id=76"},"modified":"2019-09-15T02:57:20","modified_gmt":"2019-09-15T02:57:20","slug":"propuesta","status":"publish","type":"page","link":"https:\/\/intelgia.co\/es\/propuesta\/","title":{"rendered":"Propuestas"},"content":{"rendered":"<section class=\"wpb-content-wrapper\"><section class=\"wpb_row vc_row-fluid vc_custom_1568516203524\"><div class=\"container\"><div class=\"row\"><div class=\"wpb_column vc_column_container vc_col-sm-12\"><div class=\"vc_column-inner\"><div class=\"wpb_wrapper \"  >\n\t<div class=\"wpb_text_column wpb_content_element \" >\n\t\t<div class=\"wpb_wrapper\">\n\t\t\t<p><span style=\"font-size: 24px;\">Estas son algunas de las propuestas que tenemos para ofrecer a nuestros clientes en diversos temas, pero no son las \u00fanicas<\/span><\/p>\n\n\t\t<\/div>\n\t<\/div>\n<\/div><\/div><\/div><\/div><\/div><\/section><section class=\"wpb_row vc_row-fluid vc_custom_1495594625318 no-padding\"><div class=\"row\"><div class=\"wpb_column vc_column_container vc_col-sm-12\"><div class=\"vc_column-inner\"><div class=\"wpb_wrapper \"  >  \n\n\t<!-- Element: OT Portfolio Inverted Style -->\n\t<div class=\"projects-grid-wrapper\">\n\t\t\t\t\t<!-- portfolio filter begin -->\n\t\t    <div class=\"row\">\n\t\t        <div class=\"col-md-12\">\n\t\t            <ul class=\"project_filters s2 wow fadeInUp\" data-wow-delay=\"0s\">\n\t\t            \t<li class=\"pull-right\"><a href=\"#\" data-filter=\"*\" class=\"selected\">TODAS LAS PROPUESTAS<\/a><\/li>                    \n\t\t                \t\t                  <li><a href=\"#\" data-filter=\".category-20\">Educaci\u00f3n<\/a><\/li>\n\t\t                \t\t                  <li><a href=\"#\" data-filter=\".category-22\">Industrial<\/a><\/li>\n\t\t                \t\t                  <li><a href=\"#\" data-filter=\".category-31\">Recuperaci\u00f3n de Calor<\/a><\/li>\n\t\t                \t\t                  <li><a href=\"#\" data-filter=\".category-19\">Sustituci\u00f3n de Energ\u00e9ticos<\/a><\/li>\n\t\t                                    \n\t\t            <\/ul>\n\t\t        <\/div>\n\t\t    <\/div>\n\t\t\t<!-- portfolio filter close -->\n\t\t\n\t    <div class=\"row projects-grid projects-load-ajax overlay_s2 wow fadeInUp\" data-wow-delay=\".3s\">\n\t    \t<div class=\"project-item-sizer col-md-3\"><\/div>\n\t                     \n\t        <!-- gallery item -->\n\t        <div class=\"project-item category-22  col-md-3\">\n\t        \t<div class=\"projects-box\">\n\t\t\t\t\t<div class=\"projects-thumbnail\">\n\t\t\t\t\t\t<img loading=\"lazy\" decoding=\"async\" width=\"700\" height=\"466\" src=\"https:\/\/intelgia.co\/wp-content\/uploads\/2019\/09\/american-public-power-association-u719UbWj0us-unsplash-700x466.jpg\" class=\"attachment-700x466 size-700x466 wp-post-image\" alt=\"\" srcset=\"https:\/\/intelgia.co\/wp-content\/uploads\/2019\/09\/american-public-power-association-u719UbWj0us-unsplash-700x466.jpg 700w, https:\/\/intelgia.co\/wp-content\/uploads\/2019\/09\/american-public-power-association-u719UbWj0us-unsplash-300x200.jpg 300w, https:\/\/intelgia.co\/wp-content\/uploads\/2019\/09\/american-public-power-association-u719UbWj0us-unsplash-768x512.jpg 768w, https:\/\/intelgia.co\/wp-content\/uploads\/2019\/09\/american-public-power-association-u719UbWj0us-unsplash-1024x683.jpg 1024w\" sizes=\"auto, (max-width: 700px) 100vw, 700px\" title=\"american-public-power-association-u719UbWj0us-unsplash\" \/>\t\t\t\t\t<\/div>\t\t\t\t\t\t\t\n\t\t\t\t\t<a class=\"simple-ajax-popup-align-top\" href=\"https:\/\/intelgia.co\/es\/propuestas\/plt\/\">\n\t\t\t\t\t\t<span class=\"project-overlay\">\n\t\t\t\t\t\t\t<span class=\"project-name id-color\">Transmisi\u00f3n de datos en l\u00edneas el\u00e9ctricas<\/span>\t\n\t\t\t\t\t\t<\/span>\n\t\t\t\t\t<\/a>\t\n\t\t\t\t<\/div>\n\t        <\/div>\n\t        <!-- close gallery item -->\n\t                    \n\t        <!-- gallery item -->\n\t        <div class=\"project-item category-19  col-md-3\">\n\t        \t<div class=\"projects-box\">\n\t\t\t\t\t<div class=\"projects-thumbnail\">\n\t\t\t\t\t\t<img loading=\"lazy\" decoding=\"async\" width=\"700\" height=\"383\" src=\"https:\/\/intelgia.co\/wp-content\/uploads\/2015\/07\/Intelgia-PCH-pipe-.jpg\" class=\"attachment-700x466 size-700x466 wp-post-image\" alt=\"\" srcset=\"https:\/\/intelgia.co\/wp-content\/uploads\/2015\/07\/Intelgia-PCH-pipe-.jpg 700w, https:\/\/intelgia.co\/wp-content\/uploads\/2015\/07\/Intelgia-PCH-pipe--300x164.jpg 300w\" sizes=\"auto, (max-width: 700px) 100vw, 700px\" title=\"Intelgia-PCH-pipe-\" \/>\t\t\t\t\t<\/div>\t\t\t\t\t\t\t\n\t\t\t\t\t<a class=\"simple-ajax-popup-align-top\" href=\"https:\/\/intelgia.co\/es\/propuestas\/pch\/\">\n\t\t\t\t\t\t<span class=\"project-overlay\">\n\t\t\t\t\t\t\t<span class=\"project-name id-color\">PCH<\/span>\t\n\t\t\t\t\t\t<\/span>\n\t\t\t\t\t<\/a>\t\n\t\t\t\t<\/div>\n\t        <\/div>\n\t        <!-- close gallery item -->\n\t                    \n\t        <!-- gallery item -->\n\t        <div class=\"project-item category-31  col-md-3\">\n\t        \t<div class=\"projects-box\">\n\t\t\t\t\t<div class=\"projects-thumbnail\">\n\t\t\t\t\t\t<img loading=\"lazy\" decoding=\"async\" width=\"700\" height=\"466\" src=\"https:\/\/intelgia.co\/wp-content\/uploads\/2015\/07\/Ciclo-orc-700x466.png\" class=\"attachment-700x466 size-700x466 wp-post-image\" alt=\"\" title=\"Ciclo orc\" \/>\t\t\t\t\t<\/div>\t\t\t\t\t\t\t\n\t\t\t\t\t<a class=\"simple-ajax-popup-align-top\" href=\"https:\/\/intelgia.co\/es\/propuestas\/geotermal\/\">\n\t\t\t\t\t\t<span class=\"project-overlay\">\n\t\t\t\t\t\t\t<span class=\"project-name id-color\">Geotermal<\/span>\t\n\t\t\t\t\t\t<\/span>\n\t\t\t\t\t<\/a>\t\n\t\t\t\t<\/div>\n\t        <\/div>\n\t        <!-- close gallery item -->\n\t                    \n\t        <!-- gallery item -->\n\t        <div class=\"project-item category-20  col-md-3\">\n\t        \t<div class=\"projects-box\">\n\t\t\t\t\t<div class=\"projects-thumbnail\">\n\t\t\t\t\t\t<img loading=\"lazy\" decoding=\"async\" width=\"700\" height=\"466\" src=\"https:\/\/intelgia.co\/wp-content\/uploads\/2015\/07\/MOPIEL-700x466.jpg\" class=\"attachment-700x466 size-700x466 wp-post-image\" alt=\"\" srcset=\"https:\/\/intelgia.co\/wp-content\/uploads\/2015\/07\/MOPIEL-700x466.jpg 700w, https:\/\/intelgia.co\/wp-content\/uploads\/2015\/07\/MOPIEL-300x199.jpg 300w\" sizes=\"auto, (max-width: 700px) 100vw, 700px\" title=\"MOPIEL\" \/>\t\t\t\t\t<\/div>\t\t\t\t\t\t\t\n\t\t\t\t\t<a class=\"simple-ajax-popup-align-top\" href=\"https:\/\/intelgia.co\/es\/propuestas\/mopiel\/\">\n\t\t\t\t\t\t<span class=\"project-overlay\">\n\t\t\t\t\t\t\t<span class=\"project-name id-color\">MOPIEL<\/span>\t\n\t\t\t\t\t\t<\/span>\n\t\t\t\t\t<\/a>\t\n\t\t\t\t<\/div>\n\t        <\/div>\n\t        <!-- close gallery item -->\n\t                    \n\t        <!-- gallery item -->\n\t        <div class=\"project-item category-22  col-md-3\">\n\t        \t<div class=\"projects-box\">\n\t\t\t\t\t<div class=\"projects-thumbnail\">\n\t\t\t\t\t\t<img loading=\"lazy\" decoding=\"async\" width=\"700\" height=\"466\" src=\"https:\/\/intelgia.co\/wp-content\/uploads\/2015\/07\/British_gas_Smart_Meter-700x466.png\" class=\"attachment-700x466 size-700x466 wp-post-image\" alt=\"\" title=\"British_gas_Smart_Meter\" \/>\t\t\t\t\t<\/div>\t\t\t\t\t\t\t\n\t\t\t\t\t<a class=\"simple-ajax-popup-align-top\" href=\"https:\/\/intelgia.co\/es\/propuestas\/medicion\/\">\n\t\t\t\t\t\t<span class=\"project-overlay\">\n\t\t\t\t\t\t\t<span class=\"project-name id-color\">Sistema de Medici\u00f3n<\/span>\t\n\t\t\t\t\t\t<\/span>\n\t\t\t\t\t<\/a>\t\n\t\t\t\t<\/div>\n\t        <\/div>\n\t        <!-- close gallery item -->\n\t       \t    <\/div>\n\t    \t\t    <div class=\"pagination w100 text-center\">\n\t\t        \t\t\n\t\t    <\/div>\n\t    \t    \t<\/div>\n<\/div><\/div><\/div><\/div><\/section><section class=\"wpb_row vc_row-fluid call-to-action bg-color text-center vc_custom_1442204572844 no-padding\"><div class=\"row\"><div class=\"wpb_column vc_column_container vc_col-sm-12\"><div class=\"vc_column-inner\"><div class=\"wpb_wrapper \"  >\t\t\t\n\t<!-- Element: OT Button --> \n\t\t\t<a href=\"https:\/\/intelgia.co\/contacto\/\" target=\"_self\" class=\"btn btn-line-black btn-big  \">Obtener una cotizaci\u00f3n<\/a>\n\t    \n<\/div><\/div><\/div><\/div><\/section>\n<\/section>","protected":false},"excerpt":{"rendered":"Sistema de medici\u00f3n Ubicaci\u00f3n:Colombia Valor aprox:US$10 por nodo Cliente:Oil&amp;Gas, Operadoras de red (utilities) Categor\u00eda:Industrial William Thomson Kelvin (Lord Kelvin), f\u00edsico y matem\u00e1tico brit\u00e1nico (1824 \u2013 1907), expres\u00f3: \u201cLo que no se define no se puede medir. Lo que no se mide, no se puede mejorar. Lo que no se mejora, se degrada siempre\u201d. Actualmente por [...]","protected":false},"author":1,"featured_media":0,"parent":0,"menu_order":0,"comment_status":"open","ping_status":"closed","template":"page-templates\/template-fullwidth.php","meta":{"footnotes":""},"class_list":["post-76","page","type-page","status-publish","hentry"],"yoast_head":"<!-- This site is optimized with the Yoast SEO plugin v27.3 - https:\/\/yoast.com\/product\/yoast-seo-wordpress\/ -->\n<title>Propuestas - Intelgia WebSite<\/title>\n<meta name=\"robots\" content=\"index, follow, max-snippet:-1, max-image-preview:large, max-video-preview:-1\" \/>\n<link rel=\"canonical\" href=\"https:\/\/intelgia.co\/es\/propuesta\/\" \/>\n<meta property=\"og:locale\" content=\"es_ES\" \/>\n<meta property=\"og:type\" content=\"article\" \/>\n<meta property=\"og:title\" content=\"Propuestas - Intelgia WebSite\" \/>\n<meta property=\"og:url\" content=\"https:\/\/intelgia.co\/es\/propuesta\/\" \/>\n<meta property=\"og:site_name\" content=\"Intelgia WebSite\" \/>\n<meta property=\"article:modified_time\" content=\"2019-09-15T02:57:20+00:00\" \/>\n<meta property=\"og:image\" content=\"https:\/\/intelgia.co\/wp-content\/uploads\/2019\/08\/Logo-IntelgiaV2-e1568070775260.png\" \/>\n\t<meta property=\"og:image:width\" content=\"192\" \/>\n\t<meta property=\"og:image:height\" content=\"64\" \/>\n\t<meta property=\"og:image:type\" content=\"image\/png\" \/>\n<meta name=\"twitter:card\" content=\"summary_large_image\" \/>\n<meta name=\"twitter:label1\" content=\"Tiempo de lectura\" \/>\n\t<meta name=\"twitter:data1\" content=\"1 minuto\" \/>\n<script type=\"application\/ld+json\" class=\"yoast-schema-graph\">{\"@context\":\"https:\\\/\\\/schema.org\",\"@graph\":[{\"@type\":\"WebPage\",\"@id\":\"https:\\\/\\\/intelgia.co\\\/propuesta\\\/\",\"url\":\"https:\\\/\\\/intelgia.co\\\/propuesta\\\/\",\"name\":\"Propuestas - Intelgia WebSite\",\"isPartOf\":{\"@id\":\"https:\\\/\\\/intelgia.co\\\/es\\\/#website\"},\"datePublished\":\"2015-07-23T07:32:51+00:00\",\"dateModified\":\"2019-09-15T02:57:20+00:00\",\"breadcrumb\":{\"@id\":\"https:\\\/\\\/intelgia.co\\\/propuesta\\\/#breadcrumb\"},\"inLanguage\":\"es-CO\",\"potentialAction\":[{\"@type\":\"ReadAction\",\"target\":[\"https:\\\/\\\/intelgia.co\\\/propuesta\\\/\"]}]},{\"@type\":\"BreadcrumbList\",\"@id\":\"https:\\\/\\\/intelgia.co\\\/propuesta\\\/#breadcrumb\",\"itemListElement\":[{\"@type\":\"ListItem\",\"position\":1,\"name\":\"Home\",\"item\":\"https:\\\/\\\/intelgia.co\\\/es\\\/\"},{\"@type\":\"ListItem\",\"position\":2,\"name\":\"Propuestas\"}]},{\"@type\":\"WebSite\",\"@id\":\"https:\\\/\\\/intelgia.co\\\/es\\\/#website\",\"url\":\"https:\\\/\\\/intelgia.co\\\/es\\\/\",\"name\":\"Intelgia WebSite\",\"description\":\"Energ\u00eda Inteligente\",\"publisher\":{\"@id\":\"https:\\\/\\\/intelgia.co\\\/es\\\/#organization\"},\"alternateName\":\"Intelgia\",\"potentialAction\":[{\"@type\":\"SearchAction\",\"target\":{\"@type\":\"EntryPoint\",\"urlTemplate\":\"https:\\\/\\\/intelgia.co\\\/es\\\/?s={search_term_string}\"},\"query-input\":{\"@type\":\"PropertyValueSpecification\",\"valueRequired\":true,\"valueName\":\"search_term_string\"}}],\"inLanguage\":\"es-CO\"},{\"@type\":\"Organization\",\"@id\":\"https:\\\/\\\/intelgia.co\\\/es\\\/#organization\",\"name\":\"Intelgia\",\"url\":\"https:\\\/\\\/intelgia.co\\\/es\\\/\",\"logo\":{\"@type\":\"ImageObject\",\"inLanguage\":\"es-CO\",\"@id\":\"https:\\\/\\\/intelgia.co\\\/es\\\/#\\\/schema\\\/logo\\\/image\\\/\",\"url\":\"http:\\\/\\\/intelgia.co\\\/wp-content\\\/uploads\\\/2019\\\/09\\\/Logo-IntelgiaV3.jpg\",\"contentUrl\":\"http:\\\/\\\/intelgia.co\\\/wp-content\\\/uploads\\\/2019\\\/09\\\/Logo-IntelgiaV3.jpg\",\"width\":201,\"height\":75,\"caption\":\"Intelgia\"},\"image\":{\"@id\":\"https:\\\/\\\/intelgia.co\\\/es\\\/#\\\/schema\\\/logo\\\/image\\\/\"}}]}<\/script>\n<!-- \/ Yoast SEO plugin. -->","yoast_head_json":{"title":"Propuestas - Intelgia WebSite","robots":{"index":"index","follow":"follow","max-snippet":"max-snippet:-1","max-image-preview":"max-image-preview:large","max-video-preview":"max-video-preview:-1"},"canonical":"https:\/\/intelgia.co\/es\/propuesta\/","og_locale":"es_ES","og_type":"article","og_title":"Propuestas - Intelgia WebSite","og_url":"https:\/\/intelgia.co\/es\/propuesta\/","og_site_name":"Intelgia WebSite","article_modified_time":"2019-09-15T02:57:20+00:00","og_image":[{"width":192,"height":64,"url":"https:\/\/intelgia.co\/wp-content\/uploads\/2019\/08\/Logo-IntelgiaV2-e1568070775260.png","type":"image\/png"}],"twitter_card":"summary_large_image","twitter_misc":{"Tiempo de lectura":"1 minuto"},"schema":{"@context":"https:\/\/schema.org","@graph":[{"@type":"WebPage","@id":"https:\/\/intelgia.co\/propuesta\/","url":"https:\/\/intelgia.co\/propuesta\/","name":"Propuestas - Intelgia WebSite","isPartOf":{"@id":"https:\/\/intelgia.co\/es\/#website"},"datePublished":"2015-07-23T07:32:51+00:00","dateModified":"2019-09-15T02:57:20+00:00","breadcrumb":{"@id":"https:\/\/intelgia.co\/propuesta\/#breadcrumb"},"inLanguage":"es-CO","potentialAction":[{"@type":"ReadAction","target":["https:\/\/intelgia.co\/propuesta\/"]}]},{"@type":"BreadcrumbList","@id":"https:\/\/intelgia.co\/propuesta\/#breadcrumb","itemListElement":[{"@type":"ListItem","position":1,"name":"Home","item":"https:\/\/intelgia.co\/es\/"},{"@type":"ListItem","position":2,"name":"Propuestas"}]},{"@type":"WebSite","@id":"https:\/\/intelgia.co\/es\/#website","url":"https:\/\/intelgia.co\/es\/","name":"Intelgia WebSite","description":"Energ\u00eda Inteligente","publisher":{"@id":"https:\/\/intelgia.co\/es\/#organization"},"alternateName":"Intelgia","potentialAction":[{"@type":"SearchAction","target":{"@type":"EntryPoint","urlTemplate":"https:\/\/intelgia.co\/es\/?s={search_term_string}"},"query-input":{"@type":"PropertyValueSpecification","valueRequired":true,"valueName":"search_term_string"}}],"inLanguage":"es-CO"},{"@type":"Organization","@id":"https:\/\/intelgia.co\/es\/#organization","name":"Intelgia","url":"https:\/\/intelgia.co\/es\/","logo":{"@type":"ImageObject","inLanguage":"es-CO","@id":"https:\/\/intelgia.co\/es\/#\/schema\/logo\/image\/","url":"http:\/\/intelgia.co\/wp-content\/uploads\/2019\/09\/Logo-IntelgiaV3.jpg","contentUrl":"http:\/\/intelgia.co\/wp-content\/uploads\/2019\/09\/Logo-IntelgiaV3.jpg","width":201,"height":75,"caption":"Intelgia"},"image":{"@id":"https:\/\/intelgia.co\/es\/#\/schema\/logo\/image\/"}}]}},"_links":{"self":[{"href":"https:\/\/intelgia.co\/es\/wp-json\/wp\/v2\/pages\/76","targetHints":{"allow":["GET"]}}],"collection":[{"href":"https:\/\/intelgia.co\/es\/wp-json\/wp\/v2\/pages"}],"about":[{"href":"https:\/\/intelgia.co\/es\/wp-json\/wp\/v2\/types\/page"}],"author":[{"embeddable":true,"href":"https:\/\/intelgia.co\/es\/wp-json\/wp\/v2\/users\/1"}],"replies":[{"embeddable":true,"href":"https:\/\/intelgia.co\/es\/wp-json\/wp\/v2\/comments?post=76"}],"version-history":[{"count":5,"href":"https:\/\/intelgia.co\/es\/wp-json\/wp\/v2\/pages\/76\/revisions"}],"predecessor-version":[{"id":1759,"href":"https:\/\/intelgia.co\/es\/wp-json\/wp\/v2\/pages\/76\/revisions\/1759"}],"wp:attachment":[{"href":"https:\/\/intelgia.co\/es\/wp-json\/wp\/v2\/media?parent=76"}],"curies":[{"name":"wp","href":"https:\/\/api.w.org\/{rel}","templated":true}]}}